{"id":99,"date":"2017-09-26T13:39:31","date_gmt":"2017-09-26T13:39:31","guid":{"rendered":"http:\/\/fisioterapiapugno.it\/?page_id=99"},"modified":"2018-02-28T11:18:13","modified_gmt":"2018-02-28T11:18:13","slug":"rieducazione-posturale","status":"publish","type":"page","link":"https:\/\/fisioterapiapugno.it\/wp17\/rieducazione-posturale\/","title":{"rendered":"Rieducazione posturale"},"content":{"rendered":"<p>[et_pb_section fb_built=&#8221;1&#8243; inner_shadow=&#8221;on&#8221; custom_padding=&#8221;0px|0px|55px|0px&#8221; fullwidth=&#8221;on&#8221; admin_label=&#8221;Bannerino uguale&#8221; _builder_version=&#8221;3.0.72&#8243; background_image=&#8221;https:\/\/fisioterapiapugno.it\/wp17\/wp-content\/uploads\/2017\/09\/jj-ying-236821.jpg&#8221; parallax=&#8221;on&#8221; parallax_method=&#8221;off&#8221; global_module=&#8221;227&#8243;][et_pb_fullwidth_post_title meta=&#8221;off&#8221; featured_image=&#8221;off&#8221; _builder_version=&#8221;3.0.72&#8243;][\/et_pb_fullwidth_post_title][\/et_pb_section][et_pb_section fb_built=&#8221;1&#8243; background_color=&#8221;#e8e8e8&#8243; _builder_version=&#8221;3.0.72&#8243; parallax=&#8221;on&#8221; parallax_method=&#8221;off&#8221;][et_pb_row make_fullwidth=&#8221;on&#8221; background_repeat_1=&#8221;no-repeat&#8221; _builder_version=&#8221;3.0.72&#8243; background_image=&#8221;https:\/\/fisioterapiapugno.it\/wp17\/wp-content\/uploads\/2017\/09\/ginnastica.jpeg&#8221; parallax=&#8221;on&#8221; parallax_method=&#8221;off&#8221;][et_pb_column type=&#8221;4_4&#8243; _builder_version=&#8221;3.0.47&#8243; parallax=&#8221;off&#8221; parallax_method=&#8221;on&#8221; background_repeat=&#8221;no-repeat&#8221;][et_pb_text background_layout=&#8221;dark&#8221; text_orientation=&#8221;center&#8221; _builder_version=&#8221;3.0.72&#8243;]<\/p>\n<h1>Perch\u00e8 praticare Pilates?<\/h1>\n<p>&nbsp;<\/p>\n<p>[\/et_pb_text][\/et_pb_column][\/et_pb_row][et_pb_row _builder_version=&#8221;3.0.47&#8243; background_size=&#8221;initial&#8221; background_position=&#8221;top_left&#8221; background_repeat=&#8221;repeat&#8221;][et_pb_column type=&#8221;4_4&#8243; _builder_version=&#8221;3.0.47&#8243; parallax=&#8221;off&#8221; parallax_method=&#8221;on&#8221;][et_pb_text _builder_version=&#8221;3.0.72&#8243;]<\/p>\n<p style=\"text-align: center;\">Il metodo del Pilates, prendendo spunto dalla danza, dona a chi lo pratica leggerezza nei movimenti e un corpo armonioso: postura corretta e muscoli pi\u00f9 potenti; migliora la sintomatologia dolorosa legata ai problemi di lombosciatalgie e mal di schiena.<\/p>\n<p style=\"text-align: center;\">Il metodo del Pilates va bene per correggere la postura, per gli atleti, per le donne in gravidanza e per gli anziani.<\/p>\n<p>[\/et_pb_text][et_pb_toggle title=&#8221;Su cosa agisce il metodo del Pilates&#8221; _builder_version=&#8221;3.0.72&#8243;]<\/p>\n<ul>\n<li>Sulla respirazione<\/li>\n<li>Sulla concentrazione<\/li>\n<li>Sul controllo dei movimenti e delle articolazioni<\/li>\n<li>Sull&#8217;equilibrio<\/li>\n<li>Sulla fluidit\u00e0 dei movimenti<\/li>\n<li>Sulla precisione negli esercizi<\/li>\n<\/ul>\n<p>[\/et_pb_toggle][\/et_pb_column][\/et_pb_row][et_pb_row _builder_version=&#8221;3.0.47&#8243; background_size=&#8221;initial&#8221; background_position=&#8221;top_left&#8221; background_repeat=&#8221;repeat&#8221;][et_pb_column type=&#8221;4_4&#8243; _builder_version=&#8221;3.0.47&#8243; parallax=&#8221;off&#8221; parallax_method=&#8221;on&#8221;][et_pb_divider color=&#8221;#077f79&#8243; show_divider=&#8221;on&#8221; divider_style=&#8221;solid&#8221; divider_position=&#8221;top&#8221; _builder_version=&#8221;3.0.72&#8243;][\/et_pb_divider][\/et_pb_column][\/et_pb_row][et_pb_row _builder_version=&#8221;3.0.47&#8243; background_size=&#8221;initial&#8221; background_position=&#8221;top_left&#8221; background_repeat=&#8221;repeat&#8221;][et_pb_column type=&#8221;1_2&#8243; _builder_version=&#8221;3.0.47&#8243; parallax=&#8221;off&#8221; parallax_method=&#8221;on&#8221;][et_pb_image src=&#8221;https:\/\/fisioterapiapugno.it\/wp17\/wp-content\/uploads\/2017\/09\/pilates_matwork_main_2.jpg&#8221; _builder_version=&#8221;3.0.72&#8243;][\/et_pb_image][\/et_pb_column][et_pb_column type=&#8221;1_2&#8243; _builder_version=&#8221;3.0.47&#8243; parallax=&#8221;off&#8221; parallax_method=&#8221;on&#8221;][et_pb_text _builder_version=&#8221;3.0.72&#8243;]<\/p>\n<h1>Matwork e piccoli attrezzi<\/h1>\n<p>La tecnica Pilates include, naturalmente, un programma completo di corpo libero: il<strong> Matwork<\/strong>.<br \/>\nNumerosi piccoli attrezzi completano la dotazione dello studio. Permettono di variare l&#8217;esercizio sia nella modalit\u00e0 di esecuzione che in funzione dell&#8217;obiettivo da raggiungere.<\/p>\n<p>[\/et_pb_text][\/et_pb_column][\/et_pb_row][et_pb_row _builder_version=&#8221;3.0.47&#8243; background_size=&#8221;initial&#8221; background_position=&#8221;top_left&#8221; background_repeat=&#8221;repeat&#8221;][et_pb_column type=&#8221;4_4&#8243; _builder_version=&#8221;3.0.47&#8243; parallax=&#8221;off&#8221; parallax_method=&#8221;on&#8221;][et_pb_divider color=&#8221;#077f79&#8243; show_divider=&#8221;on&#8221; divider_style=&#8221;solid&#8221; divider_position=&#8221;top&#8221; _builder_version=&#8221;3.0.72&#8243;][\/et_pb_divider][\/et_pb_column][\/et_pb_row][et_pb_row _builder_version=&#8221;3.0.47&#8243; background_size=&#8221;initial&#8221; background_position=&#8221;top_left&#8221; background_repeat=&#8221;repeat&#8221;][et_pb_column type=&#8221;1_2&#8243; _builder_version=&#8221;3.0.47&#8243; parallax=&#8221;off&#8221; parallax_method=&#8221;on&#8221;][et_pb_text _builder_version=&#8221;3.0.72&#8243;]<\/p>\n<h1>Reformer<\/h1>\n<p>L&#8217;<strong>Universal Reformer\u00a0<\/strong>\u00e8 l&#8217;attrezzo pi\u00f9 noto per la pratica del metodo del Pilates. Una sorta di lettino che viene utilizzato per eseguire esercizi che coinvolgono tuti i muscoli senza arrecare danni alla schiena. La sua peculiarit\u00e0 \u00e8 quella di includere nella sua struttura gli aspetti e le possibilit\u00e0 d&#8217;uso di una vasta gamma di attrezzi, permettendo di svolgere un elevato numero di esercizi con diverse finalit\u00e0 nel fitness, nella preparazione atletica e nella riabilitazione ortopedica.<\/p>\n<p>[\/et_pb_text][\/et_pb_column][et_pb_column type=&#8221;1_2&#8243; _builder_version=&#8221;3.0.47&#8243; parallax=&#8221;off&#8221; parallax_method=&#8221;on&#8221;][et_pb_image src=&#8221;https:\/\/fisioterapiapugno.it\/wp17\/wp-content\/uploads\/2017\/09\/reformer2.jpg&#8221; _builder_version=&#8221;3.0.72&#8243;][\/et_pb_image][\/et_pb_column][\/et_pb_row][et_pb_row _builder_version=&#8221;3.0.47&#8243; background_size=&#8221;initial&#8221; background_position=&#8221;top_left&#8221; background_repeat=&#8221;repeat&#8221;][et_pb_column type=&#8221;4_4&#8243; _builder_version=&#8221;3.0.47&#8243; parallax=&#8221;off&#8221; parallax_method=&#8221;on&#8221;][et_pb_divider color=&#8221;#077f79&#8243; show_divider=&#8221;on&#8221; divider_style=&#8221;solid&#8221; divider_position=&#8221;top&#8221; _builder_version=&#8221;3.0.72&#8243;][\/et_pb_divider][\/et_pb_column][\/et_pb_row][et_pb_row _builder_version=&#8221;3.0.47&#8243; background_size=&#8221;initial&#8221; background_position=&#8221;top_left&#8221; background_repeat=&#8221;repeat&#8221;][et_pb_column type=&#8221;1_2&#8243; _builder_version=&#8221;3.0.47&#8243; parallax=&#8221;off&#8221; parallax_method=&#8221;on&#8221;][et_pb_image src=&#8221;https:\/\/fisioterapiapugno.it\/wp17\/wp-content\/uploads\/2017\/09\/pilates-golf-2.jpg&#8221; _builder_version=&#8221;3.0.72&#8243;][\/et_pb_image][\/et_pb_column][et_pb_column type=&#8221;1_2&#8243; _builder_version=&#8221;3.0.47&#8243; parallax=&#8221;off&#8221; parallax_method=&#8221;on&#8221;][et_pb_text _builder_version=&#8221;3.0.72&#8243;]<\/p>\n<h1>Pilates e Golf<\/h1>\n<p>Tipicamente il programma <strong>Pilates per il Golf<\/strong> \u00e8 incentrato sulla rotazione del bacino e del rachide lombare, differenzia la rotazione della zona cervicale e toracica, allena l&#8217;equilibrio e la capacit\u00e0 di connettere la potenza generata dalla rotazione del bacino con il cingolo scapolare, le braccia e le mani. I movimenti sono sequenziali, cos\u00ec che i giocatori di ogni et\u00e0 possano eseguirli con sicurezza.<\/p>\n<p>[\/et_pb_text][\/et_pb_column][\/et_pb_row][et_pb_row _builder_version=&#8221;3.0.47&#8243; background_size=&#8221;initial&#8221; background_position=&#8221;top_left&#8221; background_repeat=&#8221;repeat&#8221;][et_pb_column type=&#8221;4_4&#8243; _builder_version=&#8221;3.0.47&#8243; parallax=&#8221;off&#8221; parallax_method=&#8221;on&#8221;][et_pb_divider color=&#8221;#077f79&#8243; show_divider=&#8221;on&#8221; divider_style=&#8221;solid&#8221; divider_position=&#8221;top&#8221; _builder_version=&#8221;3.0.72&#8243;][\/et_pb_divider][\/et_pb_column][\/et_pb_row][et_pb_row _builder_version=&#8221;3.0.47&#8243; background_size=&#8221;initial&#8221; background_position=&#8221;top_left&#8221; background_repeat=&#8221;repeat&#8221;][et_pb_column type=&#8221;1_2&#8243; _builder_version=&#8221;3.0.47&#8243; parallax=&#8221;off&#8221; parallax_method=&#8221;on&#8221;][et_pb_text _builder_version=&#8221;3.0.72&#8243;]<\/p>\n<h1>Scuola della schiena<\/h1>\n<h3>certificata BACK SCHOOL<\/h3>\n<p>Il mal di schiena \u00e8 la causa pi\u00f9 comune della disabilit\u00e0 lavorativa: colpisce in modo eguale sia uomini che donne, con un&#8217;insorgenza frequente tra i 30 e i 50 anni. I fattori di rischio principali includono il sollevamento di pesi, la torsione, l&#8217;obesit\u00e0 e la scarsa forma fisica ma, in generale, \u00e8 comune anche senza i fattori di rischio elencati. La back school propone un approccio &#8220;attivo&#8221;, nella pratica clinica, per curare le persone afflitte da mal di schiena coinvolgendo in modo diretto il paziente. Il riposo a letto si \u00e8 dimostrato non solo inutile ma addirittura dannoso. Il metodo prevede un atteggiamento il pi\u00f9 possibile attivo, anche in fase acuta.<\/p>\n<p>[\/et_pb_text][\/et_pb_column][et_pb_column type=&#8221;1_2&#8243; _builder_version=&#8221;3.0.47&#8243; parallax=&#8221;off&#8221; parallax_method=&#8221;on&#8221;][et_pb_image src=&#8221;https:\/\/fisioterapiapugno.it\/wp17\/wp-content\/uploads\/2018\/02\/china-2032467_960_720-e1519816611447.jpg&#8221; _builder_version=&#8221;3.0.72&#8243;][\/et_pb_image][\/et_pb_column][\/et_pb_row][et_pb_row _builder_version=&#8221;3.0.47&#8243; background_size=&#8221;initial&#8221; background_position=&#8221;top_left&#8221; background_repeat=&#8221;repeat&#8221;][et_pb_column type=&#8221;4_4&#8243; _builder_version=&#8221;3.0.47&#8243; parallax=&#8221;off&#8221; parallax_method=&#8221;on&#8221;][et_pb_divider color=&#8221;#077f79&#8243; show_divider=&#8221;on&#8221; divider_style=&#8221;solid&#8221; divider_position=&#8221;top&#8221; _builder_version=&#8221;3.0.72&#8243;][\/et_pb_divider][\/et_pb_column][\/et_pb_row][et_pb_row _builder_version=&#8221;3.0.47&#8243; background_size=&#8221;initial&#8221; background_position=&#8221;top_left&#8221; background_repeat=&#8221;repeat&#8221;][et_pb_column type=&#8221;1_2&#8243; _builder_version=&#8221;3.0.47&#8243; parallax=&#8221;off&#8221; parallax_method=&#8221;on&#8221;][et_pb_image src=&#8221;https:\/\/fisioterapiapugno.it\/wp17\/wp-content\/uploads\/2017\/09\/Pancafit\u00ae.jpg&#8221; _builder_version=&#8221;3.0.72&#8243;][\/et_pb_image][\/et_pb_column][et_pb_column type=&#8221;1_2&#8243; _builder_version=&#8221;3.0.47&#8243; parallax=&#8221;off&#8221; parallax_method=&#8221;on&#8221;][et_pb_text _builder_version=&#8221;3.0.72&#8243;]<\/p>\n<h1>PANCAFIT\u00ae<\/h1>\n<h3>\u2022 Che cos&#8217;e&#8217; Pancafit\u00ae?<\/h3>\n<p>Pancafit\u00ae \u00e8 l\u2019unico attrezzo, al servizio del Metodo Raggi\u00ae (brevettato in tutto il mondo), capace di riequilibrare la postura con semplicit\u00e0 ed in tempi brevissimi, agendo sulla globalit\u00e0 delle catene. E\u2019 in grado di ridare libert\u00e0 e benessere a tutto il corpo attraverso l\u2019\u201callungamento muscolare globale decompensato\u201d.<\/p>\n<p>Non si tratta di un semplice stretching analitico o classico. E\u2019 un allungamento muscolare fatto in postura corretta e senza permettere \u201ccompensi\u201d, cio\u00e8 quei meccanismi antalgici che il corpo mette in atto per sfuggire alle tensioni, ai dolori o ai semplici disagi che reputa non graditi. Inoltre tale allungamento utilizza tecniche respiratorie per sbloccare anche il diaframma.<\/p>\n<div><\/div>\n<p>[\/et_pb_text][\/et_pb_column][\/et_pb_row][et_pb_row _builder_version=&#8221;3.0.47&#8243; background_size=&#8221;initial&#8221; background_position=&#8221;top_left&#8221; background_repeat=&#8221;repeat&#8221;][et_pb_column type=&#8221;1_2&#8243; _builder_version=&#8221;3.0.47&#8243; parallax=&#8221;off&#8221; parallax_method=&#8221;on&#8221;][et_pb_text _builder_version=&#8221;3.0.72&#8243;]<\/p>\n<h3>\u2022 I Benefici di Pancafit\u00ae<\/h3>\n<p>Pancafit\u00ae migliora la postura e la condizione fisica grazie alla sua azione sulle tensioni e sulle rigidit\u00e0 muscolari; riesce per tal ragione anche ad agire positivamente, in modo indiretto, nei confronti delle seguenti patologie:<\/p>\n<div>\n<ol>\n<li style=\"list-style-type: none;\">\n<ul>\n<li>blocchi respiratori<\/li>\n<li>stasi venosa e linfatica<\/li>\n<li>ipotonia muscolare<\/li>\n<li>algie in genere<\/li>\n<li>cefalee miotensive<\/li>\n<li><a href=\"http:\/\/posturalmed.it\/index.php?option=com_content&amp;view=article&amp;id=114:artrosi-anca&amp;catid=14:sample-data-articles\" target=\"_blank\" rel=\"noopener\" data-saferedirecturl=\"https:\/\/www.google.com\/url?hl=it&amp;q=http:\/\/posturalmed.it\/index.php?option%3Dcom_content%26view%3Darticle%26id%3D114:artrosi-anca%26catid%3D14:sample-data-articles&amp;source=gmail&amp;ust=1519893994711000&amp;usg=AFQjCNGR5m7wkc-yzUeawqEol6No8nvU9Q\">artrosi anca<\/a><\/li>\n<li><a href=\"http:\/\/posturalmed.it\/index.php?option=com_content&amp;view=article&amp;id=125:artrosi-cervicale&amp;catid=14:sample-data-articles\" target=\"_blank\" rel=\"noopener\" data-saferedirecturl=\"https:\/\/www.google.com\/url?hl=it&amp;q=http:\/\/posturalmed.it\/index.php?option%3Dcom_content%26view%3Darticle%26id%3D125:artrosi-cervicale%26catid%3D14:sample-data-articles&amp;source=gmail&amp;ust=1519893994711000&amp;usg=AFQjCNF8E4wgg8wkJQSAkudNSwEQ6KvRJQ\">artrosi cervicale<\/a><\/li>\n<li><a href=\"http:\/\/posturalmed.it\/index.php?option=com_content&amp;view=article&amp;id=219:artrosi-lombare&amp;catid=82:metodo-raggi-pancafit\" target=\"_blank\" rel=\"noopener\" data-saferedirecturl=\"https:\/\/www.google.com\/url?hl=it&amp;q=http:\/\/posturalmed.it\/index.php?option%3Dcom_content%26view%3Darticle%26id%3D219:artrosi-lombare%26catid%3D82:metodo-raggi-pancafit&amp;source=gmail&amp;ust=1519893994711000&amp;usg=AFQjCNEjoXWQ7B_l3LUSXalbA61itIc0-Q\">artrosi lombare<\/a><\/li>\n<li><a href=\"http:\/\/posturalmed.it\/index.php?option=com_content&amp;view=article&amp;id=134:artrosi-ginocchio&amp;catid=14:sample-data-articles\" target=\"_blank\" rel=\"noopener\" data-saferedirecturl=\"https:\/\/www.google.com\/url?hl=it&amp;q=http:\/\/posturalmed.it\/index.php?option%3Dcom_content%26view%3Darticle%26id%3D134:artrosi-ginocchio%26catid%3D14:sample-data-articles&amp;source=gmail&amp;ust=1519893994711000&amp;usg=AFQjCNEG-dbTcdseMjSa5XrCQNs1ZYWDQQ\">artrosi del ginocchio<\/a><\/li>\n<li><a href=\"http:\/\/posturalmed.it\/index.php?option=com_content&amp;view=article&amp;id=221:alluce-valgo&amp;catid=82:metodo-raggi-pancafit\" target=\"_blank\" rel=\"noopener\" data-saferedirecturl=\"https:\/\/www.google.com\/url?hl=it&amp;q=http:\/\/posturalmed.it\/index.php?option%3Dcom_content%26view%3Darticle%26id%3D221:alluce-valgo%26catid%3D82:metodo-raggi-pancafit&amp;source=gmail&amp;ust=1519893994711000&amp;usg=AFQjCNGTm3bngnDlsiGlv-6S7MOrWSD2Aw\">alluce valgo<\/a><\/li>\n<li><a href=\"http:\/\/posturalmed.it\/index.php?option=com_content&amp;view=article&amp;id=137:cervicalgia&amp;catid=14:sample-data-articles\" target=\"_blank\" rel=\"noopener\" data-saferedirecturl=\"https:\/\/www.google.com\/url?hl=it&amp;q=http:\/\/posturalmed.it\/index.php?option%3Dcom_content%26view%3Darticle%26id%3D137:cervicalgia%26catid%3D14:sample-data-articles&amp;source=gmail&amp;ust=1519893994711000&amp;usg=AFQjCNErppGuM9bBQcxrph2Pz6iMGPkQ5g\">cervicalgie<\/a><\/li>\n<li><a href=\"http:\/\/posturalmed.it\/index.php?option=com_content&amp;view=article&amp;id=161:ernia-del-disco&amp;catid=14:sample-data-articles\" target=\"_blank\" rel=\"noopener\" data-saferedirecturl=\"https:\/\/www.google.com\/url?hl=it&amp;q=http:\/\/posturalmed.it\/index.php?option%3Dcom_content%26view%3Darticle%26id%3D161:ernia-del-disco%26catid%3D14:sample-data-articles&amp;source=gmail&amp;ust=1519893994711000&amp;usg=AFQjCNEQ9t9WlVyFCgE52mLBh7fkjHEEUg\">ernie discali<\/a><\/li>\n<li>ernie jatali<\/li>\n<li><a href=\"http:\/\/posturalmed.it\/index.php?option=com_content&amp;view=article&amp;id=172:formicolio&amp;catid=14:sample-data-articles\" target=\"_blank\" rel=\"noopener\" data-saferedirecturl=\"https:\/\/www.google.com\/url?hl=it&amp;q=http:\/\/posturalmed.it\/index.php?option%3Dcom_content%26view%3Darticle%26id%3D172:formicolio%26catid%3D14:sample-data-articles&amp;source=gmail&amp;ust=1519893994711000&amp;usg=AFQjCNHhn2_y2Y0Yhs3bOFZtQAKwC_I6_A\">formicolii<\/a><\/li>\n<li><a href=\"http:\/\/posturalmed.it\/index.php?option=com_content&amp;view=article&amp;id=182:lombalgia-mal-di-schiena&amp;catid=14:sample-data-articles\" target=\"_blank\" rel=\"noopener\" data-saferedirecturl=\"https:\/\/www.google.com\/url?hl=it&amp;q=http:\/\/posturalmed.it\/index.php?option%3Dcom_content%26view%3Darticle%26id%3D182:lombalgia-mal-di-schiena%26catid%3D14:sample-data-articles&amp;source=gmail&amp;ust=1519893994711000&amp;usg=AFQjCNF8rMMyIpa3iIgxw7yV4pzqFM3MiQ\">lombalgie\/mal di schiena<\/a><\/li>\n<li><a href=\"http:\/\/posturalmed.it\/index.php?option=com_content&amp;view=article&amp;id=194:lombosciatalgia&amp;catid=14:sample-data-articles\" target=\"_blank\" rel=\"noopener\" data-saferedirecturl=\"https:\/\/www.google.com\/url?hl=it&amp;q=http:\/\/posturalmed.it\/index.php?option%3Dcom_content%26view%3Darticle%26id%3D194:lombosciatalgia%26catid%3D14:sample-data-articles&amp;source=gmail&amp;ust=1519893994711000&amp;usg=AFQjCNFgfDrDovtJBmiW5bVRyyGtfvyybg\">lombosciatalgie<\/a><\/li>\n<li><a href=\"http:\/\/posturalmed.it\/index.php?option=com_content&amp;view=article&amp;id=203:parestesia&amp;catid=82:metodo-raggi-pancafit\" target=\"_blank\" rel=\"noopener\" data-saferedirecturl=\"https:\/\/www.google.com\/url?hl=it&amp;q=http:\/\/posturalmed.it\/index.php?option%3Dcom_content%26view%3Darticle%26id%3D203:parestesia%26catid%3D82:metodo-raggi-pancafit&amp;source=gmail&amp;ust=1519893994711000&amp;usg=AFQjCNGxylY1H4Q7BKJdqkNui6YmoXOcFg\">parestesie<\/a><\/li>\n<li><a href=\"http:\/\/posturalmed.it\/index.php?option=com_content&amp;view=article&amp;id=208:protrusione&amp;catid=82:metodo-raggi-pancafit\" target=\"_blank\" rel=\"noopener\" data-saferedirecturl=\"https:\/\/www.google.com\/url?hl=it&amp;q=http:\/\/posturalmed.it\/index.php?option%3Dcom_content%26view%3Darticle%26id%3D208:protrusione%26catid%3D82:metodo-raggi-pancafit&amp;source=gmail&amp;ust=1519893994711000&amp;usg=AFQjCNFNII3FRjd7bb_xhU4_NFp60SbEKg\">protrusioni<\/a><\/li>\n<li><a href=\"http:\/\/posturalmed.it\/index.php?option=com_content&amp;view=article&amp;id=213:tunnel-carpale&amp;catid=82:metodo-raggi-pancafit\" target=\"_blank\" rel=\"noopener\" data-saferedirecturl=\"https:\/\/www.google.com\/url?hl=it&amp;q=http:\/\/posturalmed.it\/index.php?option%3Dcom_content%26view%3Darticle%26id%3D213:tunnel-carpale%26catid%3D82:metodo-raggi-pancafit&amp;source=gmail&amp;ust=1519893994711000&amp;usg=AFQjCNHNPQDk8ZOZgQqF6HHeZBeJw1bc6Q\">tunnel carpale<\/a><\/li>\n<li>ecc&#8230;<\/li>\n<\/ul>\n<p class=\"m_8939513302376304976_mce_tagged_br\">Inoltre con questo metodo si agisce su tutti quegli apparati che hanno relazioni con la postura: atm e denti, occhi e funzione visiva, sistema cutaneo e cicatrici reattive, sistema podalico e patologie del piede.<\/p>\n<\/li>\n<\/ol>\n<\/div>\n<p>[\/et_pb_text][\/et_pb_column][et_pb_column type=&#8221;1_2&#8243; _builder_version=&#8221;3.0.47&#8243; parallax=&#8221;off&#8221; parallax_method=&#8221;on&#8221;][et_pb_text _builder_version=&#8221;3.0.72&#8243; custom_margin=&#8221;150px|||&#8221;]<\/p>\n<div style=\"text-align: center;\">\n<p><strong>con Pancafit<sup>\u00ae<\/sup>\u00a0la tua postura cambia\u2026<\/strong><span style=\"font-size: 18px;\">\u00a0<\/span><img loading=\"lazy\" decoding=\"async\" class=\"CToWUd aligncenter\" src=\"https:\/\/ci3.googleusercontent.com\/proxy\/-uEZk_Nr5kpcGuUVP-_GyI_CjWbIVzq3rlkmHy0ZSmqwuoQWqoHdjmB3g8Vzv3hjh9y-B6aQU1alNxUn-6gJFgIKAWCf9g9aW7GMvYmG4w35B2w5cF8k=s0-d-e1-ft#http:\/\/posturalmed.it\/images\/Perche_funziona_postura_schiena1.gif\" alt=\"Perche funziona postura schiena1\" width=\"148\" height=\"240\" \/><\/p>\n<\/div>\n<div style=\"text-align: center;\"><strong>da cosi\u2019\u2026\u00a0 \u00a0 \u00a0 \u00a0 \u00a0 \u00a0 \u00a0 \u00a0 \u00a0 \u00a0 \u00a0 \u00a0 \u00a0 \u00a0 \u00a0 \u00a0 \u00a0 \u00a0\u2026A COSI\u2019<br \/>\n<\/strong><\/div>\n<p>[\/et_pb_text][\/et_pb_column][\/et_pb_row][\/et_pb_section]<\/p>\n","protected":false},"excerpt":{"rendered":"<p>Perch\u00e8 praticare Pilates? &nbsp; Il metodo del Pilates, prendendo spunto dalla danza, dona a chi lo pratica leggerezza nei movimenti e un corpo armonioso: postura corretta e muscoli pi\u00f9 potenti; migliora la sintomatologia dolorosa legata ai problemi di lombosciatalgie e mal di schiena. Il metodo del Pilates va bene per correggere la postura, per gli [&hellip;]<\/p>\n","protected":false},"author":3,"featured_media":0,"parent":0,"menu_order":0,"comment_status":"closed","ping_status":"closed","template":"","meta":{"_et_pb_use_builder":"on","_et_pb_old_content":"","_et_gb_content_width":"","_exactmetrics_skip_tracking":false,"_exactmetrics_sitenote_active":false,"_exactmetrics_sitenote_note":"","_exactmetrics_sitenote_category":0,"footnotes":""},"class_list":["post-99","page","type-page","status-publish","hentry"],"_links":{"self":[{"href":"https:\/\/fisioterapiapugno.it\/wp17\/wp-json\/wp\/v2\/pages\/99","targetHints":{"allow":["GET"]}}],"collection":[{"href":"https:\/\/fisioterapiapugno.it\/wp17\/wp-json\/wp\/v2\/pages"}],"about":[{"href":"https:\/\/fisioterapiapugno.it\/wp17\/wp-json\/wp\/v2\/types\/page"}],"author":[{"embeddable":true,"href":"https:\/\/fisioterapiapugno.it\/wp17\/wp-json\/wp\/v2\/users\/3"}],"replies":[{"embeddable":true,"href":"https:\/\/fisioterapiapugno.it\/wp17\/wp-json\/wp\/v2\/comments?post=99"}],"version-history":[{"count":21,"href":"https:\/\/fisioterapiapugno.it\/wp17\/wp-json\/wp\/v2\/pages\/99\/revisions"}],"predecessor-version":[{"id":486,"href":"https:\/\/fisioterapiapugno.it\/wp17\/wp-json\/wp\/v2\/pages\/99\/revisions\/486"}],"wp:attachment":[{"href":"https:\/\/fisioterapiapugno.it\/wp17\/wp-json\/wp\/v2\/media?parent=99"}],"curies":[{"name":"wp","href":"https:\/\/api.w.org\/{rel}","templated":true}]}}